{"id":225,"date":"2025-04-18T12:28:20","date_gmt":"2025-04-18T17:28:20","guid":{"rendered":"https:\/\/univirtual.utp.edu.co\/aprende\/?page_id=225"},"modified":"2025-04-18T12:29:31","modified_gmt":"2025-04-18T17:29:31","slug":"compra-en-espera","status":"publish","type":"page","link":"https:\/\/univirtual.utp.edu.co\/aprende\/compra-en-espera\/","title":{"rendered":"Compra Pendiente"},"content":{"rendered":"","protected":false},"excerpt":{"rendered":"","protected":false},"author":2,"featured_media":0,"parent":0,"menu_order":0,"comment_status":"closed","ping_status":"closed","template":"","meta":{"_acf_changed":false,"footnotes":""},"class_list":["post-225","page","type-page","status-publish","hentry"],"acf":{"title":"Transacci\u00f3n pendiente","title_source":{"label":"T\u00edtulo \/ Respuesta","type":"text","formatted_value":"Transacci\u00f3n pendiente"},"description":"Estamos a la espera que la entidad confirme la transacci\u00f3n puede tardar unos minutos o hasta 48 horas en verse reflejado, te recomendamos visitar m\u00e1s tarde esta p\u00e1gina a trav\u00e9s de mis cursos o esperar nuestro correo de confirmaci\u00f3n","description_source":{"label":"Descripci\u00f3n de la transacci\u00f3n","type":"wysiwyg","formatted_value":"<p>Estamos a la espera que la entidad confirme la transacci\u00f3n puede tardar unos minutos o hasta 48 horas en verse reflejado, te recomendamos visitar m\u00e1s tarde esta p\u00e1gina a trav\u00e9s de mis cursos o esperar nuestro correo de confirmaci\u00f3n<\/p>\n"}},"_links":{"self":[{"href":"https:\/\/univirtual.utp.edu.co\/aprende\/wp-json\/wp\/v2\/pages\/225","targetHints":{"allow":["GET"]}}],"collection":[{"href":"https:\/\/univirtual.utp.edu.co\/aprende\/wp-json\/wp\/v2\/pages"}],"about":[{"href":"https:\/\/univirtual.utp.edu.co\/aprende\/wp-json\/wp\/v2\/types\/page"}],"author":[{"embeddable":true,"href":"https:\/\/univirtual.utp.edu.co\/aprende\/wp-json\/wp\/v2\/users\/2"}],"replies":[{"embeddable":true,"href":"https:\/\/univirtual.utp.edu.co\/aprende\/wp-json\/wp\/v2\/comments?post=225"}],"version-history":[{"count":2,"href":"https:\/\/univirtual.utp.edu.co\/aprende\/wp-json\/wp\/v2\/pages\/225\/revisions"}],"predecessor-version":[{"id":227,"href":"https:\/\/univirtual.utp.edu.co\/aprende\/wp-json\/wp\/v2\/pages\/225\/revisions\/227"}],"wp:attachment":[{"href":"https:\/\/univirtual.utp.edu.co\/aprende\/wp-json\/wp\/v2\/media?parent=225"}],"curies":[{"name":"wp","href":"https:\/\/api.w.org\/{rel}","templated":true}]}}