{"id":223,"date":"2025-04-18T12:28:06","date_gmt":"2025-04-18T17:28:06","guid":{"rendered":"https:\/\/univirtual.utp.edu.co\/aprende\/?page_id=223"},"modified":"2025-04-24T12:53:43","modified_gmt":"2025-04-24T17:53:43","slug":"compra-fallida","status":"publish","type":"page","link":"https:\/\/univirtual.utp.edu.co\/aprende\/compra-fallida\/","title":{"rendered":"Compra Fallida"},"content":{"rendered":"","protected":false},"excerpt":{"rendered":"","protected":false},"author":2,"featured_media":0,"parent":0,"menu_order":0,"comment_status":"closed","ping_status":"closed","template":"","meta":{"_acf_changed":false,"footnotes":""},"class_list":["post-223","page","type-page","status-publish","hentry"],"acf":{"title":"No se pudo completar tu compra","title_source":{"label":"T\u00edtulo \/ Respuesta","type":"text","formatted_value":"No se pudo completar tu compra"},"description":"Parece que hubo un problema con la transacci\u00f3n y tu orden no se complet\u00f3. Te sugerimos verificar con tu entidad bancaria o intentarlo m\u00e1s tarde.\r\n\r\nTambi\u00e9n puedes probar con otro m\u00e9todo de pago.","description_source":{"label":"Descripci\u00f3n de la transacci\u00f3n","type":"wysiwyg","formatted_value":"<p>Parece que hubo un problema con la transacci\u00f3n y tu orden no se complet\u00f3. Te sugerimos verificar con tu entidad bancaria o intentarlo m\u00e1s tarde.<\/p>\n<p>Tambi\u00e9n puedes probar con otro m\u00e9todo de pago.<\/p>\n"}},"_links":{"self":[{"href":"https:\/\/univirtual.utp.edu.co\/aprende\/wp-json\/wp\/v2\/pages\/223","targetHints":{"allow":["GET"]}}],"collection":[{"href":"https:\/\/univirtual.utp.edu.co\/aprende\/wp-json\/wp\/v2\/pages"}],"about":[{"href":"https:\/\/univirtual.utp.edu.co\/aprende\/wp-json\/wp\/v2\/types\/page"}],"author":[{"embeddable":true,"href":"https:\/\/univirtual.utp.edu.co\/aprende\/wp-json\/wp\/v2\/users\/2"}],"replies":[{"embeddable":true,"href":"https:\/\/univirtual.utp.edu.co\/aprende\/wp-json\/wp\/v2\/comments?post=223"}],"version-history":[{"count":3,"href":"https:\/\/univirtual.utp.edu.co\/aprende\/wp-json\/wp\/v2\/pages\/223\/revisions"}],"predecessor-version":[{"id":329,"href":"https:\/\/univirtual.utp.edu.co\/aprende\/wp-json\/wp\/v2\/pages\/223\/revisions\/329"}],"wp:attachment":[{"href":"https:\/\/univirtual.utp.edu.co\/aprende\/wp-json\/wp\/v2\/media?parent=223"}],"curies":[{"name":"wp","href":"https:\/\/api.w.org\/{rel}","templated":true}]}}