{"id":219,"date":"2025-04-18T12:27:21","date_gmt":"2025-04-18T17:27:21","guid":{"rendered":"https:\/\/univirtual.utp.edu.co\/aprende\/?page_id=219"},"modified":"2025-05-09T10:39:00","modified_gmt":"2025-05-09T15:39:00","slug":"registro","status":"publish","type":"page","link":"https:\/\/univirtual.utp.edu.co\/aprende\/registro\/","title":{"rendered":"Registro"},"content":{"rendered":"","protected":false},"excerpt":{"rendered":"","protected":false},"author":2,"featured_media":0,"parent":0,"menu_order":0,"comment_status":"closed","ping_status":"closed","template":"","meta":{"_acf_changed":false,"footnotes":""},"class_list":["post-219","page","type-page","status-publish","hentry"],"acf":{"title":"Registro de usuario","title_source":{"label":"T\u00edtulo de la p\u00e1gina","type":"text","formatted_value":"Registro de usuario"},"description":"Si a\u00fan no tienes cuenta puedes registrarte, recuerda que si eres comunidad utp (estudias, trabajas o has estudiado en la utp), puedes usar tu correo <strong>@utp.edu.co<\/strong> para acceder a nuestro descuento de comunidad utp","description_source":{"label":"Descripci\u00f3n de la p\u00e1gina","type":"wysiwyg","formatted_value":"<p>Si a\u00fan no tienes cuenta puedes registrarte, recuerda que si eres comunidad utp (estudias, trabajas o has estudiado en la utp), puedes usar tu correo <strong>@utp.edu.co<\/strong> para acceder a nuestro descuento de comunidad utp<\/p>\n"},"img":false,"img_source":{"label":"Foto de la p\u00e1gina","type":"image","formatted_value":false}},"_links":{"self":[{"href":"https:\/\/univirtual.utp.edu.co\/aprende\/wp-json\/wp\/v2\/pages\/219","targetHints":{"allow":["GET"]}}],"collection":[{"href":"https:\/\/univirtual.utp.edu.co\/aprende\/wp-json\/wp\/v2\/pages"}],"about":[{"href":"https:\/\/univirtual.utp.edu.co\/aprende\/wp-json\/wp\/v2\/types\/page"}],"author":[{"embeddable":true,"href":"https:\/\/univirtual.utp.edu.co\/aprende\/wp-json\/wp\/v2\/users\/2"}],"replies":[{"embeddable":true,"href":"https:\/\/univirtual.utp.edu.co\/aprende\/wp-json\/wp\/v2\/comments?post=219"}],"version-history":[{"count":5,"href":"https:\/\/univirtual.utp.edu.co\/aprende\/wp-json\/wp\/v2\/pages\/219\/revisions"}],"predecessor-version":[{"id":372,"href":"https:\/\/univirtual.utp.edu.co\/aprende\/wp-json\/wp\/v2\/pages\/219\/revisions\/372"}],"wp:attachment":[{"href":"https:\/\/univirtual.utp.edu.co\/aprende\/wp-json\/wp\/v2\/media?parent=219"}],"curies":[{"name":"wp","href":"https:\/\/api.w.org\/{rel}","templated":true}]}}