{"id":211,"date":"2025-04-18T11:16:55","date_gmt":"2025-04-18T16:16:55","guid":{"rendered":"https:\/\/univirtual.utp.edu.co\/aprende\/?page_id=211"},"modified":"2026-04-29T09:24:14","modified_gmt":"2026-04-29T14:24:14","slug":"home","status":"publish","type":"page","link":"https:\/\/univirtual.utp.edu.co\/aprende\/home\/","title":{"rendered":"Home"},"content":{"rendered":"","protected":false},"excerpt":{"rendered":"","protected":false},"author":2,"featured_media":0,"parent":0,"menu_order":0,"comment_status":"closed","ping_status":"closed","template":"","meta":{"_acf_changed":false,"footnotes":""},"class_list":["post-211","page","type-page","status-publish","hentry"],"acf":{"slides":[258,263,262,265],"slides_source":{"label":"Agregar Slides","type":"relationship","formatted_value":[{"ID":258,"post_author":"2","post_date":"2025-04-20 13:56:49","post_date_gmt":"2025-04-20 18:56:49","post_content":"","post_title":"Tu crecimiento profesional empieza con nosotros: Univirtual UTP","post_excerpt":"","post_status":"publish","comment_status":"closed","ping_status":"closed","post_password":"","post_name":"borrador-automatico","to_ping":"","pinged":"","post_modified":"2025-12-12 11:18:44","post_modified_gmt":"2025-12-12 16:18:44","post_content_filtered":"","post_parent":0,"guid":"https:\/\/univirtual.utp.edu.co\/aprende\/?post_type=slide&#038;p=258","menu_order":0,"post_type":"slide","post_mime_type":"","comment_count":"0","filter":"raw"},{"ID":263,"post_author":"2","post_date":"2025-04-20 13:59:08","post_date_gmt":"2025-04-20 18:59:08","post_content":"","post_title":"Diplomado en Docencia Digital para la Educaci\u00f3n Superior","post_excerpt":"","post_status":"publish","comment_status":"closed","ping_status":"closed","post_password":"","post_name":"borrador-automatico-3","to_ping":"","pinged":"","post_modified":"2025-12-12 22:14:49","post_modified_gmt":"2025-12-13 03:14:49","post_content_filtered":"","post_parent":0,"guid":"https:\/\/univirtual.utp.edu.co\/aprende\/?post_type=slide&#038;p=263","menu_order":0,"post_type":"slide","post_mime_type":"","comment_count":"0","filter":"raw"},{"ID":262,"post_author":"2","post_date":"2025-04-20 13:57:51","post_date_gmt":"2025-04-20 18:57:51","post_content":"","post_title":"Diplomado en Gesti\u00f3n de Proyectos con Inteligencia Artificial","post_excerpt":"","post_status":"publish","comment_status":"closed","ping_status":"closed","post_password":"","post_name":"borrador-automatico-2","to_ping":"","pinged":"","post_modified":"2025-12-12 22:14:37","post_modified_gmt":"2025-12-13 03:14:37","post_content_filtered":"","post_parent":0,"guid":"https:\/\/univirtual.utp.edu.co\/aprende\/?post_type=slide&#038;p=262","menu_order":0,"post_type":"slide","post_mime_type":"","comment_count":"0","filter":"raw"},{"ID":265,"post_author":"2","post_date":"2025-04-20 14:06:36","post_date_gmt":"2025-04-20 19:06:36","post_content":"","post_title":"Curso de Excel para la Generaci\u00f3n de Informes","post_excerpt":"","post_status":"publish","comment_status":"closed","ping_status":"closed","post_password":"","post_name":"curso-de-excel-para-la-generacion-de-informes","to_ping":"","pinged":"","post_modified":"2025-12-16 12:29:31","post_modified_gmt":"2025-12-16 17:29:31","post_content_filtered":"","post_parent":0,"guid":"https:\/\/univirtual.utp.edu.co\/aprende\/?post_type=slide&#038;p=265","menu_order":0,"post_type":"slide","post_mime_type":"","comment_count":"0","filter":"raw"}]},"CoursesSection":[624,700,625],"CoursesSection_source":{"label":"Agregar Cursos destacados","type":"relationship","formatted_value":[{"ID":624,"post_author":"3","post_date":"2025-09-15 14:43:57","post_date_gmt":"2025-09-15 19:43:57","post_content":"<span style=\"font-weight: 400;\">\u00bfEres docente y deseas transformar tu manera de ense\u00f1ar con el poder de la inteligencia artificial? El <strong data-start=\"578\" data-end=\"631\">Diplomado en Docencia e Innovaci\u00f3n Digital con IA<\/strong> de <strong data-start=\"635\" data-end=\"653\">Univirtual UTP<\/strong> te llevar\u00e1 paso a paso a descubrir c\u00f3mo aplicar la inteligencia artificial en tu pr\u00e1ctica educativa: desde crear prompts avanzados que generan contenidos sorprendentes, hasta dise\u00f1ar planeaciones m\u00ednimas viables, actividades din\u00e1micas y evaluaciones inteligentes que se adaptan a cada estudiante.<\/span>\r\n\r\nEste programa est\u00e1 pensado para <strong data-start=\"986\" data-end=\"1010\">docentes innovadores<\/strong> que quieren dar el siguiente salto en su carrera, integrando la tecnolog\u00eda de forma estrat\u00e9gica y pedag\u00f3gica. Con un enfoque 100% pr\u00e1ctico y orientado a resultados, aprender\u00e1s a hacer de la IA tu mejor aliada en el aula.\r\n\r\n<span style=\"font-weight: 400;\">\u00a1Inscr\u00edbete y empieza a construir tu futuro como docente innovador!<\/span>","post_title":"Diplomado en Docencia e Innovaci\u00f3n Digital con IA","post_excerpt":"Diplomado en Docencia e Innovaci\u00f3n Digital con IA es V\u00e1lido como <em>Diplomado en Docencia Universitaria.<\/em>","post_status":"publish","comment_status":"closed","ping_status":"closed","post_password":"","post_name":"diplomado-en-docencia-innovacion-ia","to_ping":"","pinged":"","post_modified":"2026-05-13 15:09:56","post_modified_gmt":"2026-05-13 20:09:56","post_content_filtered":"","post_parent":0,"guid":"https:\/\/univirtual.utp.edu.co\/aprende\/?post_type=product&#038;p=624","menu_order":0,"post_type":"product","post_mime_type":"","comment_count":"0","filter":"raw"},{"ID":700,"post_author":"3","post_date":"2025-10-15 11:28:39","post_date_gmt":"2025-10-15 16:28:39","post_content":"<p data-start=\"413\" data-end=\"758\">\u00bfTe interesa liderar proyectos de forma efectiva en tu entorno laboral o personal?<br data-start=\"495\" data-end=\"498\" \/>El <strong data-start=\"501\" data-end=\"556\">Diplomado en Gesti\u00f3n de Proyectos de Univirtual UTP<\/strong> es tu oportunidad para adquirir las herramientas necesarias que te permitir\u00e1n planificar, ejecutar y controlar proyectos con eficiencia, desde cero y con una metodolog\u00eda pr\u00e1ctica, clara y estructurada.<\/p>\r\n<p data-start=\"760\" data-end=\"1103\">A trav\u00e9s de clases virtuales en vivo, recursos digitales y acompa\u00f1amiento experto, aprender\u00e1s a construir cronogramas, presupuestos, gestionar riesgos, liderar equipos y llevar tus proyectos hasta un cierre exitoso. Este diplomado est\u00e1 dise\u00f1ado para ayudarte a pasar de la teor\u00eda a la acci\u00f3n, con un enfoque totalmente aplicable al mundo real.<\/p>\r\n<p data-start=\"1105\" data-end=\"1269\">Adem\u00e1s, contar\u00e1s con el respaldo acad\u00e9mico de la <strong data-start=\"1154\" data-end=\"1192\">Universidad Tecnol\u00f3gica de Pereira<\/strong>, una instituci\u00f3n reconocida por su compromiso con la educaci\u00f3n de calidad.<\/p>","post_title":"Diplomado en Gesti\u00f3n de Proyectos con Inteligencia Artificial","post_excerpt":"","post_status":"publish","comment_status":"closed","ping_status":"closed","post_password":"","post_name":"diplomado-en-gestion-de-proyectos","to_ping":"","pinged":"","post_modified":"2026-05-13 15:11:04","post_modified_gmt":"2026-05-13 20:11:04","post_content_filtered":"","post_parent":0,"guid":"https:\/\/univirtual.utp.edu.co\/aprende\/?post_type=product&#038;p=700","menu_order":0,"post_type":"product","post_mime_type":"","comment_count":"0","filter":"raw"},{"ID":625,"post_author":"3","post_date":"2025-09-16 15:45:04","post_date_gmt":"2025-09-16 20:45:04","post_content":"<p data-start=\"262\" data-end=\"760\">\u00bfQuieres aprender a transformar datos en informaci\u00f3n clara y valiosa para la toma de decisiones?<br data-start=\"358\" data-end=\"361\" \/>El <strong data-start=\"364\" data-end=\"427\">Curso B\u00e1sico de Power BI: An\u00e1lisis y Visualizaci\u00f3n de Datos<\/strong> de<strong> Univirtual UTP<\/strong> te guiar\u00e1 paso a paso en el manejo de esta poderosa herramienta de inteligencia de negocios. A trav\u00e9s de clases virtuales en vivo y actividades pr\u00e1cticas, descubrir\u00e1s c\u00f3mo importar, transformar y modelar datos, crear tableros din\u00e1micos y dise\u00f1ar informes interactivos que comunican resultados de manera efectiva.<\/p>\r\n<p data-start=\"762\" data-end=\"1136\">Este programa est\u00e1 dise\u00f1ado para quienes buscan fortalecer sus <strong>habilidades anal\u00edticas y optimizar<\/strong> la gesti\u00f3n de informaci\u00f3n con un enfoque pr\u00e1ctico y aplicable en cualquier entorno. Con el respaldo acad\u00e9mico de la <strong data-start=\"976\" data-end=\"1014\">Universidad Tecnol\u00f3gica de Pereira<\/strong>, aprender\u00e1s a aprovechar Power BI como una soluci\u00f3n moderna para visualizar, compartir y asegurar tus datos en la nube.<\/p>\r\n<p data-start=\"1138\" data-end=\"1214\">\u00a1Inscr\u00edbete y convi\u00e9rtete en un experto en an\u00e1lisis de datos con Power BI!<\/p>","post_title":"Curso de Power BI : An\u00e1lisis y Visualizaci\u00f3n de Datos","post_excerpt":"","post_status":"publish","comment_status":"closed","ping_status":"closed","post_password":"","post_name":"curso-de-power-bi-analisis-y-visualizacion-de-datos","to_ping":"","pinged":"","post_modified":"2026-05-13 15:14:49","post_modified_gmt":"2026-05-13 20:14:49","post_content_filtered":"","post_parent":0,"guid":"https:\/\/univirtual.utp.edu.co\/aprende\/?post_type=product&#038;p=625","menu_order":0,"post_type":"product","post_mime_type":"","comment_count":"0","filter":"raw"}]},"BenefitsSection":{"title":"Para nuestros estudiantes y comunidad UTP","benefits":[{"icon":"PiggiBank","title":"Descuentos especiales","description":"Si haces parte de la comunidad UTP (administrativos, docentes, estudiantes, egresados) tienes un <strong>10% de descuento<\/strong> en nuestros cursos y diplomados."},{"icon":"GraduationCap","title":"Beca docente","description":"Si eres docente de cualquier entidad a nivel nacional tienes una beca especial en Docencia Digital. No te quedes por fuera \u00a1Iniciamos pronto!"},{"icon":"LogIn","title":"Reg\u00edstrate Ahora","description":"Reg\u00edstrate en nuestro portal de Educaci\u00f3n Continua y obt\u00e9n un 10% de descuento en nuestros cursos y diplomados."}]},"BenefitsSection_source":{"label":"Agregar Ventajas","type":"group","formatted_value":{"title":"Para nuestros estudiantes y comunidad UTP","benefits":[{"icon":"PiggiBank","title":"Descuentos especiales","description":"<p>Si haces parte de la comunidad UTP (administrativos, docentes, estudiantes, egresados) tienes un <strong>10% de descuento<\/strong> en nuestros cursos y diplomados.<\/p>\n"},{"icon":"GraduationCap","title":"Beca docente","description":"<p>Si eres docente de cualquier entidad a nivel nacional tienes una beca especial en Docencia Digital. No te quedes por fuera \u00a1Iniciamos pronto!<\/p>\n"},{"icon":"LogIn","title":"Reg\u00edstrate Ahora","description":"<p>Reg\u00edstrate en nuestro portal de Educaci\u00f3n Continua y obt\u00e9n un 10% de descuento en nuestros cursos y diplomados.<\/p>\n"}]}},"title":"\u00bfQu\u00e9 dicen nuestros egresados?","title_source":{"label":"Testimonios","type":"text","formatted_value":"\u00bfQu\u00e9 dicen nuestros egresados?"},"testimonios":[267,277,274,271],"testimonios_source":{"label":"Testimonios","type":"relationship","formatted_value":[{"ID":267,"post_author":"1","post_date":"2025-04-20 14:09:50","post_date_gmt":"2025-04-20 19:09:50","post_content":"","post_title":"Testimonio 4 - Estudiante","post_excerpt":"","post_status":"publish","comment_status":"closed","ping_status":"closed","post_password":"","post_name":"testimonio-de-ana-maria-fernandez-perez","to_ping":"","pinged":"","post_modified":"2025-12-12 12:39:06","post_modified_gmt":"2025-12-12 17:39:06","post_content_filtered":"","post_parent":0,"guid":"https:\/\/univirtual.utp.edu.co\/aprende\/?post_type=testimonio&#038;p=267","menu_order":0,"post_type":"testimonio","post_mime_type":"","comment_count":"0","filter":"raw"},{"ID":277,"post_author":"1","post_date":"2025-04-20 14:14:42","post_date_gmt":"2025-04-20 19:14:42","post_content":"","post_title":"Testimonio 1 - Estudiante","post_excerpt":"","post_status":"publish","comment_status":"closed","ping_status":"closed","post_password":"","post_name":"testimonio-1-estudiante","to_ping":"","pinged":"","post_modified":"2025-12-12 12:36:03","post_modified_gmt":"2025-12-12 17:36:03","post_content_filtered":"","post_parent":0,"guid":"https:\/\/univirtual.utp.edu.co\/aprende\/?post_type=testimonio&#038;p=277","menu_order":0,"post_type":"testimonio","post_mime_type":"","comment_count":"0","filter":"raw"},{"ID":274,"post_author":"1","post_date":"2025-04-20 14:13:03","post_date_gmt":"2025-04-20 19:13:03","post_content":"","post_title":"Testimonio 2 - Estudiante","post_excerpt":"","post_status":"publish","comment_status":"closed","ping_status":"closed","post_password":"","post_name":"274","to_ping":"","pinged":"","post_modified":"2025-12-12 12:35:38","post_modified_gmt":"2025-12-12 17:35:38","post_content_filtered":"","post_parent":0,"guid":"https:\/\/univirtual.utp.edu.co\/aprende\/?post_type=testimonio&#038;p=274","menu_order":0,"post_type":"testimonio","post_mime_type":"","comment_count":"0","filter":"raw"},{"ID":271,"post_author":"2","post_date":"2025-04-20 14:11:18","post_date_gmt":"2025-04-20 19:11:18","post_content":"","post_title":"Testimonio 3 - Estudiante","post_excerpt":"","post_status":"publish","comment_status":"closed","ping_status":"closed","post_password":"","post_name":"test-juan-alejandro-aguirre-vega","to_ping":"","pinged":"","post_modified":"2025-12-12 12:38:09","post_modified_gmt":"2025-12-12 17:38:09","post_content_filtered":"","post_parent":0,"guid":"https:\/\/univirtual.utp.edu.co\/aprende\/?post_type=testimonio&#038;p=271","menu_order":0,"post_type":"testimonio","post_mime_type":"","comment_count":"0","filter":"raw"}]}},"_links":{"self":[{"href":"https:\/\/univirtual.utp.edu.co\/aprende\/wp-json\/wp\/v2\/pages\/211","targetHints":{"allow":["GET"]}}],"collection":[{"href":"https:\/\/univirtual.utp.edu.co\/aprende\/wp-json\/wp\/v2\/pages"}],"about":[{"href":"https:\/\/univirtual.utp.edu.co\/aprende\/wp-json\/wp\/v2\/types\/page"}],"author":[{"embeddable":true,"href":"https:\/\/univirtual.utp.edu.co\/aprende\/wp-json\/wp\/v2\/users\/2"}],"replies":[{"embeddable":true,"href":"https:\/\/univirtual.utp.edu.co\/aprende\/wp-json\/wp\/v2\/comments?post=211"}],"version-history":[{"count":49,"href":"https:\/\/univirtual.utp.edu.co\/aprende\/wp-json\/wp\/v2\/pages\/211\/revisions"}],"predecessor-version":[{"id":1206,"href":"https:\/\/univirtual.utp.edu.co\/aprende\/wp-json\/wp\/v2\/pages\/211\/revisions\/1206"}],"acf:post":[{"embeddable":true,"href":"https:\/\/univirtual.utp.edu.co\/aprende\/wp-json\/wp\/v2\/testimonio\/271"},{"embeddable":true,"href":"https:\/\/univirtual.utp.edu.co\/aprende\/wp-json\/wp\/v2\/testimonio\/274"},{"embeddable":true,"href":"https:\/\/univirtual.utp.edu.co\/aprende\/wp-json\/wp\/v2\/testimonio\/277"},{"embeddable":true,"href":"https:\/\/univirtual.utp.edu.co\/aprende\/wp-json\/wp\/v2\/testimonio\/267"},{"embeddable":true,"href":"https:\/\/univirtual.utp.edu.co\/aprende\/wp-json\/wp\/v2\/product\/625"},{"embeddable":true,"href":"https:\/\/univirtual.utp.edu.co\/aprende\/wp-json\/wp\/v2\/product\/700"},{"embeddable":true,"href":"https:\/\/univirtual.utp.edu.co\/aprende\/wp-json\/wp\/v2\/product\/624"},{"embeddable":true,"href":"https:\/\/univirtual.utp.edu.co\/aprende\/wp-json\/wp\/v2\/slide\/265"},{"embeddable":true,"href":"https:\/\/univirtual.utp.edu.co\/aprende\/wp-json\/wp\/v2\/slide\/262"},{"embeddable":true,"href":"https:\/\/univirtual.utp.edu.co\/aprende\/wp-json\/wp\/v2\/slide\/263"},{"embeddable":true,"href":"https:\/\/univirtual.utp.edu.co\/aprende\/wp-json\/wp\/v2\/slide\/258"}],"wp:attachment":[{"href":"https:\/\/univirtual.utp.edu.co\/aprende\/wp-json\/wp\/v2\/media?parent=211"}],"curies":[{"name":"wp","href":"https:\/\/api.w.org\/{rel}","templated":true}]}}